{"id":13,"date":"2021-12-28T10:54:31","date_gmt":"2021-12-28T09:54:31","guid":{"rendered":"https:\/\/albverein-ellwangen.de\/wordpress\/?page_id=13"},"modified":"2021-12-28T10:54:31","modified_gmt":"2021-12-28T09:54:31","slug":"wandertraining","status":"publish","type":"page","link":"https:\/\/albverein-ellwangen.de\/wordpress\/","title":{"rendered":"Wandertraining"},"content":{"rendered":"\n<p><strong>Wir machen uns fit f\u00fcr gro\u00dfe Touren<\/strong><\/p>\n\n\n\n<p>jeweils am Donnerstag von 8 Uhr bis 10 Uhr ab Schie\u00dfwasen:<\/p>\n\n\n\n<p>6-9 km -Wandertraining- 14-t\u00e4gig (mit Abweichungen)<\/p>\n\n\n\n<p>Termine 2022:<\/p>\n\n\n\n<p>07.04. \/ 21.04. \/ 05.05. \/ 19.05. \/ 02.06. \/ 23.06. \/ 07.07. \/ 21.07. \/ 04.08. \/ 18.08. \/ 01.09. \/ 15.09. \/ 29.09. \/ 13.10. \/ 27.10.<\/p>\n","protected":false},"excerpt":{"rendered":"<p>Wir machen uns fit f\u00fcr gro\u00dfe Touren jeweils am Donnerstag von 8 Uhr bis 10 Uhr ab Schie\u00dfwasen: 6-9 km -Wandertraining- 14-t\u00e4gig (mit Abweichungen) Termine 2022: 07.04. \/ 21.04. \/ 05.05. \/ 19.05. \/ 02.06. \/ 23.06. \/ 07.07. \/ 21.07. \/ 04.08. \/ 18.08. \/ 01.09. \/ 15.09. \/ 29.09. \/ 13.10. \/ 27.10.<\/p>\n","protected":false},"author":1,"featured_media":0,"parent":0,"menu_order":0,"comment_status":"closed","ping_status":"closed","template":"","meta":{"footnotes":""},"class_list":["post-13","page","type-page","status-publish","hentry","entry"],"_links":{"self":[{"href":"https:\/\/albverein-ellwangen.de\/wordpress\/wp-json\/wp\/v2\/pages\/13","targetHints":{"allow":["GET"]}}],"collection":[{"href":"https:\/\/albverein-ellwangen.de\/wordpress\/wp-json\/wp\/v2\/pages"}],"about":[{"href":"https:\/\/albverein-ellwangen.de\/wordpress\/wp-json\/wp\/v2\/types\/page"}],"author":[{"embeddable":true,"href":"https:\/\/albverein-ellwangen.de\/wordpress\/wp-json\/wp\/v2\/users\/1"}],"replies":[{"embeddable":true,"href":"https:\/\/albverein-ellwangen.de\/wordpress\/wp-json\/wp\/v2\/comments?post=13"}],"version-history":[{"count":1,"href":"https:\/\/albverein-ellwangen.de\/wordpress\/wp-json\/wp\/v2\/pages\/13\/revisions"}],"predecessor-version":[{"id":14,"href":"https:\/\/albverein-ellwangen.de\/wordpress\/wp-json\/wp\/v2\/pages\/13\/revisions\/14"}],"wp:attachment":[{"href":"https:\/\/albverein-ellwangen.de\/wordpress\/wp-json\/wp\/v2\/media?parent=13"}],"curies":[{"name":"wp","href":"https:\/\/api.w.org\/{rel}","templated":true}]}}